{"id":6,"date":"2026-04-14T08:47:00","date_gmt":"2026-04-14T08:47:00","guid":{"rendered":"http:\/\/jls-metal.fr\/?page_id=6"},"modified":"2026-04-22T09:38:17","modified_gmt":"2026-04-22T09:38:17","slug":"accueil","status":"publish","type":"page","link":"https:\/\/jls-metal.fr\/","title":{"rendered":"Accueil"},"content":{"rendered":"\t\t<div data-elementor-type=\"wp-page\" data-elementor-id=\"6\" class=\"elementor elementor-6\">\n\t\t\t\t<div class=\"elementor-element elementor-element-5ea5448 e-con-full e-flex e-con e-parent\" data-id=\"5ea5448\" data-element_type=\"container\" data-e-type=\"container\">\n\t\t\t\t<div class=\"elementor-element elementor-element-855797a elementor-widget__width-initial elementor-pagination-position-outside elementor-widget elementor-widget-image-carousel\" data-id=\"855797a\" data-element_type=\"widget\" data-e-type=\"widget\" data-settings=\"{&quot;slides_to_show&quot;:&quot;3&quot;,&quot;navigation&quot;:&quot;dots&quot;,&quot;autoplay&quot;:&quot;yes&quot;,&quot;pause_on_hover&quot;:&quot;yes&quot;,&quot;pause_on_interaction&quot;:&quot;yes&quot;,&quot;autoplay_speed&quot;:5000,&quot;infinite&quot;:&quot;yes&quot;,&quot;speed&quot;:500}\" data-widget_type=\"image-carousel.default\">\n\t\t\t\t\t\t\t<div class=\"elementor-image-carousel-wrapper swiper\" role=\"region\" aria-roledescription=\"carousel\" aria-label=\"Carrousel d\u2019images\" dir=\"ltr\">\n\t\t\t<div class=\"elementor-image-carousel swiper-wrapper\" aria-live=\"off\">\n\t\t\t\t\t\t\t\t<div class=\"swiper-slide\" role=\"group\" aria-roledescription=\"slide\" aria-label=\"1 sur 6\"><figure class=\"swiper-slide-inner\"><img decoding=\"async\" class=\"swiper-slide-image\" src=\"https:\/\/jls-metal.fr\/wp-content\/uploads\/2026\/04\/escalier-1-2-225x300.jpg\" alt=\"escalier 1\" \/><\/figure><\/div><div class=\"swiper-slide\" role=\"group\" aria-roledescription=\"slide\" aria-label=\"2 sur 6\"><figure class=\"swiper-slide-inner\"><img decoding=\"async\" class=\"swiper-slide-image\" src=\"https:\/\/jls-metal.fr\/wp-content\/uploads\/2026\/04\/photo-portail-maison-300x224.jpg\" alt=\"photo portail maison\" \/><\/figure><\/div><div class=\"swiper-slide\" role=\"group\" aria-roledescription=\"slide\" aria-label=\"3 sur 6\"><figure class=\"swiper-slide-inner\"><img decoding=\"async\" class=\"swiper-slide-image\" src=\"https:\/\/jls-metal.fr\/wp-content\/uploads\/2026\/04\/verriere-2-300x225.jpeg\" alt=\"verri\u00e9re 2\" \/><\/figure><\/div><div class=\"swiper-slide\" role=\"group\" aria-roledescription=\"slide\" aria-label=\"4 sur 6\"><figure class=\"swiper-slide-inner\"><img decoding=\"async\" class=\"swiper-slide-image\" src=\"https:\/\/jls-metal.fr\/wp-content\/uploads\/2026\/04\/IMG_5190-225x300.jpeg\" alt=\"IMG_5190\" \/><\/figure><\/div><div class=\"swiper-slide\" role=\"group\" aria-roledescription=\"slide\" aria-label=\"5 sur 6\"><figure class=\"swiper-slide-inner\"><img decoding=\"async\" class=\"swiper-slide-image\" src=\"https:\/\/jls-metal.fr\/wp-content\/uploads\/2026\/04\/brasero-135x300.jpg\" alt=\"brasero\" \/><\/figure><\/div><div class=\"swiper-slide\" role=\"group\" aria-roledescription=\"slide\" aria-label=\"6 sur 6\"><figure class=\"swiper-slide-inner\"><img decoding=\"async\" class=\"swiper-slide-image\" src=\"https:\/\/jls-metal.fr\/wp-content\/uploads\/2026\/04\/photo-6-224x300.jpg\" alt=\"photo 6\" \/><\/figure><\/div>\t\t\t<\/div>\n\t\t\t\t\t\t\t\n\t\t\t\t\t\t\t\t\t<div class=\"swiper-pagination\"><\/div>\n\t\t\t\t\t\t\t\t\t<\/div>\n\t\t\t\t\t\t<\/div>\n\t\t\t\t\t\t\t<h2 \n\t\tdata-interaction-id=\"2e6fc5e\" \n\t\tclass=\"e-2e6fc5e-3b9e7bd e-heading-base\" \n\t\t \n\t\t\n\t>\n\t\n\t\t\t<br>Demandez votre devis gratuit<br><br>Un projet de portail, garde-corps ou m\u00e9tallerie sur mesure?<br>Contactez nous pour une \u00e9tude personnalis\u00e9e et un chiffrage rapide.<br><br><br><br><br>Avec l'arriv\u00e9e du Printemps et du soleil, n'h\u00e9sitez pas \u00e0&nbsp; nous contacter pour un Brasero.\n\t\t<\/h2>\n\t\t\t\t<\/div>\n\t\t<div class=\"elementor-element elementor-element-9d57f78 e-flex e-con-boxed e-con e-parent\" data-id=\"9d57f78\" data-element_type=\"container\" data-e-type=\"container\">\n\t\t\t\t\t<div class=\"e-con-inner\">\n\t\t\t\t<div class=\"elementor-element elementor-element-052a734 elementor-widget elementor-widget-image\" data-id=\"052a734\" data-element_type=\"widget\" data-e-type=\"widget\" data-widget_type=\"image.default\">\n\t\t\t\t\t\t\t\t\t\t\t\t\t\t\t<img fetchpriority=\"high\" decoding=\"async\" width=\"766\" height=\"1024\" src=\"https:\/\/jls-metal.fr\/wp-content\/uploads\/2026\/04\/photo-5-766x1024.jpg\" class=\"attachment-large size-large wp-image-311\" alt=\"\" srcset=\"https:\/\/jls-metal.fr\/wp-content\/uploads\/2026\/04\/photo-5-766x1024.jpg 766w, https:\/\/jls-metal.fr\/wp-content\/uploads\/2026\/04\/photo-5-224x300.jpg 224w, https:\/\/jls-metal.fr\/wp-content\/uploads\/2026\/04\/photo-5-768x1026.jpg 768w, https:\/\/jls-metal.fr\/wp-content\/uploads\/2026\/04\/photo-5-1149x1536.jpg 1149w, https:\/\/jls-metal.fr\/wp-content\/uploads\/2026\/04\/photo-5-1532x2048.jpg 1532w, https:\/\/jls-metal.fr\/wp-content\/uploads\/2026\/04\/photo-5-scaled.jpg 1916w\" sizes=\"(max-width: 766px) 100vw, 766px\" \/>\t\t\t\t\t\t\t\t\t\t\t\t\t\t\t<\/div>\n\t\t\t\t\t<\/div>\n\t\t\t\t<\/div>\n\t\t<div class=\"elementor-element elementor-element-50fa23a e-flex e-con-boxed e-con e-parent\" data-id=\"50fa23a\" data-element_type=\"container\" data-e-type=\"container\">\n\t\t\t\t\t<div class=\"e-con-inner\">\n\t\t\t\t\t\t\t\t<p class=\"e-9beccb9-b581a84 e-paragraph-base\" data-interaction-id=\"9beccb9\"  >\n\t\t\t\t\t\t\t\tNOUVEAU LANCEMENT<br><br>Nous lan\u00e7ons \u00e0 partir d'aujourd'hui notre nouvelle gamme de Braseros, pens\u00e9s pour partager de bons moments en famille ou entre amis.<br>Se r\u00e9chauffer, discuter, cuisiner ensemble... tout simplement profiter.<br><br>Plusieurs mod\u00e8les disponibles pour s'adapter \u00e0 tous les ext\u00e9rieurs<br>Solides, durables et faciles \u00e0 utiliser avec une plaque de cuisson de 74x74cm ep 8mm et une grille pivotante d'un diam\u00e8tre 38 ep 8mm<br>Parfait pour le jardin ou la terrasse<br><br>A partir de 570 euros TTC&nbsp;<br>Contactez nous pour d\u00e9couvrir le Brasero qui vous ressemble.<br>\n\t\t\t\t\t<\/p>\n\t\t\t\t\t<\/div>\n\t\t\t\t<\/div>\n\t\t\t\t<\/div>\n\t\t","protected":false},"excerpt":{"rendered":"<p>Demandez votre devis gratuit Un projet de portail, garde-corps ou m\u00e9tallerie sur mesure?Contactez nous pour une \u00e9tude personnalis\u00e9e et un chiffrage rapide. Avec l&rsquo;arriv\u00e9e du Printemps et du soleil, n&rsquo;h\u00e9sitez pas \u00e0&nbsp; nous contacter pour un Brasero. NOUVEAU LANCEMENT Nous lan\u00e7ons \u00e0 partir d&rsquo;aujourd&rsquo;hui notre nouvelle gamme de Braseros, pens\u00e9s pour partager de bons moments [&hellip;]<\/p>\n","protected":false},"author":1,"featured_media":0,"parent":0,"menu_order":0,"comment_status":"closed","ping_status":"closed","template":"","meta":{"footnotes":""},"class_list":["post-6","page","type-page","status-publish","hentry"],"_links":{"self":[{"href":"https:\/\/jls-metal.fr\/index.php\/wp-json\/wp\/v2\/pages\/6","targetHints":{"allow":["GET"]}}],"collection":[{"href":"https:\/\/jls-metal.fr\/index.php\/wp-json\/wp\/v2\/pages"}],"about":[{"href":"https:\/\/jls-metal.fr\/index.php\/wp-json\/wp\/v2\/types\/page"}],"author":[{"embeddable":true,"href":"https:\/\/jls-metal.fr\/index.php\/wp-json\/wp\/v2\/users\/1"}],"replies":[{"embeddable":true,"href":"https:\/\/jls-metal.fr\/index.php\/wp-json\/wp\/v2\/comments?post=6"}],"version-history":[{"count":31,"href":"https:\/\/jls-metal.fr\/index.php\/wp-json\/wp\/v2\/pages\/6\/revisions"}],"predecessor-version":[{"id":373,"href":"https:\/\/jls-metal.fr\/index.php\/wp-json\/wp\/v2\/pages\/6\/revisions\/373"}],"wp:attachment":[{"href":"https:\/\/jls-metal.fr\/index.php\/wp-json\/wp\/v2\/media?parent=6"}],"curies":[{"name":"wp","href":"https:\/\/api.w.org\/{rel}","templated":true}]}}