{"id":355,"date":"2026-04-22T09:21:06","date_gmt":"2026-04-22T09:21:06","guid":{"rendered":"https:\/\/jls-metal.fr\/?page_id=355"},"modified":"2026-04-22T09:59:32","modified_gmt":"2026-04-22T09:59:32","slug":"mentions-legales-2","status":"publish","type":"page","link":"https:\/\/jls-metal.fr\/index.php\/mentions-legales-2\/","title":{"rendered":"Mentions l\u00e9gales"},"content":{"rendered":"\t\t<div data-elementor-type=\"wp-page\" data-elementor-id=\"355\" class=\"elementor elementor-355\">\n\t\t\t\t<div class=\"elementor-element elementor-element-b590a80 e-flex e-con-boxed e-con e-parent\" data-id=\"b590a80\" data-element_type=\"container\" data-e-type=\"container\">\n\t\t\t\t\t<div class=\"e-con-inner\">\n\t\t\t\t\t\t\t\t<p class=\"e-paragraph-base\" data-interaction-id=\"4fd77f0\"  >\n\t\t\t\t\t\t\t\tJLS METAL<br>Forme juridique: SAS<br>Capital social: 5000 euros<br>Si\u00e8ge social: 4 rue du stade 28480 Chassant<br>Siret: 910 590 330 00023<br>RCS: Chartres<br>Responsable de la publication: Mr Beja S\u00e9bastien<br><br>Le site est h\u00e9berg\u00e9 par: OVH<br>Adresse: 2 rue Kellermann 59100 Roubaix France<br>T\u00e9l\u00e9phone: 1007<br>Site: www.ovh.com<br><br>L'ensemble du contenu pr\u00e9sent sur ce site (textes, images, logos...) est la propri\u00e9t\u00e9 exclusive de JLS METAL, sauf mention contraire.<br>Toute reproduction, distribution ou utilisation sans autorisation est strictement interdite.<br><br>Les informations collect\u00e9es, via le formulaire de contact sont utilis\u00e9es uniquement dans le cadre des \u00e9changes commerciaux avec JLS METAL.<br>Elles ne sont en aucun cas c\u00e9d\u00e9es ou vendues \u00e0 des tiers.<br><br>Conform\u00e9ment au RGPD, vous disposez d'un droit d'acc\u00e8s, de modification et de suppression de vos donn\u00e9es.<br><br>Le site peut utiliser des cookies \u00e0 des fins de fonctionnement et de mesure d'audience.<br>Vous pouvez accepter ou refuser les cookies via le bandeau pr\u00e9vu \u00e0 cet effet.<br><br>JLS METAL s'efforce de fournir des informations aussi pr\u00e9cises que possible, mais ne saurait \u00eatre tenu responsable des omissions, inexactitudes ou carences dans la mise \u00e0 jour.\n\t\t\t\t\t<\/p>\n\t\t\t\t\t<\/div>\n\t\t\t\t<\/div>\n\t\t\t\t<\/div>\n\t\t","protected":false},"excerpt":{"rendered":"<p>JLS METALForme juridique: SASCapital social: 5000 eurosSi\u00e8ge social: 4 rue du stade 28480 ChassantSiret: 910 590 330 00023RCS: ChartresResponsable de la publication: Mr Beja S\u00e9bastien Le site est h\u00e9berg\u00e9 par: OVHAdresse: 2 rue Kellermann 59100 Roubaix FranceT\u00e9l\u00e9phone: 1007Site: www.ovh.com L&rsquo;ensemble du contenu pr\u00e9sent sur ce site (textes, images, logos&#8230;) est la propri\u00e9t\u00e9 exclusive de JLS [&hellip;]<\/p>\n","protected":false},"author":1,"featured_media":0,"parent":0,"menu_order":0,"comment_status":"closed","ping_status":"closed","template":"","meta":{"footnotes":""},"class_list":["post-355","page","type-page","status-publish","hentry"],"_links":{"self":[{"href":"https:\/\/jls-metal.fr\/index.php\/wp-json\/wp\/v2\/pages\/355","targetHints":{"allow":["GET"]}}],"collection":[{"href":"https:\/\/jls-metal.fr\/index.php\/wp-json\/wp\/v2\/pages"}],"about":[{"href":"https:\/\/jls-metal.fr\/index.php\/wp-json\/wp\/v2\/types\/page"}],"author":[{"embeddable":true,"href":"https:\/\/jls-metal.fr\/index.php\/wp-json\/wp\/v2\/users\/1"}],"replies":[{"embeddable":true,"href":"https:\/\/jls-metal.fr\/index.php\/wp-json\/wp\/v2\/comments?post=355"}],"version-history":[{"count":4,"href":"https:\/\/jls-metal.fr\/index.php\/wp-json\/wp\/v2\/pages\/355\/revisions"}],"predecessor-version":[{"id":376,"href":"https:\/\/jls-metal.fr\/index.php\/wp-json\/wp\/v2\/pages\/355\/revisions\/376"}],"wp:attachment":[{"href":"https:\/\/jls-metal.fr\/index.php\/wp-json\/wp\/v2\/media?parent=355"}],"curies":[{"name":"wp","href":"https:\/\/api.w.org\/{rel}","templated":true}]}}