{"id":354,"date":"2026-04-22T09:21:06","date_gmt":"2026-04-22T09:21:06","guid":{"rendered":"https:\/\/jls-metal.fr\/?page_id=354"},"modified":"2026-04-22T09:28:43","modified_gmt":"2026-04-22T09:28:43","slug":"contact-2","status":"publish","type":"page","link":"https:\/\/jls-metal.fr\/index.php\/contact-2\/","title":{"rendered":"Contact"},"content":{"rendered":"\t\t<div data-elementor-type=\"wp-page\" data-elementor-id=\"354\" class=\"elementor elementor-354\">\n\t\t\t\t<div class=\"elementor-element elementor-element-8aefffa e-flex e-con-boxed e-con e-parent\" data-id=\"8aefffa\" data-element_type=\"container\" data-e-type=\"container\">\n\t\t\t\t\t<div class=\"e-con-inner\">\n\t\t\t\t\t\t\t\t<p class=\"e-paragraph-base\" data-interaction-id=\"dc885cc\"  >\n\t\t\t\t\t\t\t\tNom: JLS METAL<br>Adresse: 4 Rue du stade 28480 Chassant<br>Email: jlsmetal28@gmail.com<br>T\u00e9l\u00e9phone standard: 02 37 53 98 81<br>Portable: 06 89 13 17 01<br><br>Ouverture de 8h \u00e0 17h du lundi au vendredi\n\t\t\t\t\t<\/p>\n\t\t\t\t\t<\/div>\n\t\t\t\t<\/div>\n\t\t<div class=\"elementor-element elementor-element-53bae35 e-flex e-con-boxed e-con e-parent\" data-id=\"53bae35\" data-element_type=\"container\" data-e-type=\"container\">\n\t\t\t\t\t<div class=\"e-con-inner\">\n\t\t\t\t<div class=\"elementor-element elementor-element-8c74ff8 elementor-widget elementor-widget-google_maps\" data-id=\"8c74ff8\" data-element_type=\"widget\" data-e-type=\"widget\" data-widget_type=\"google_maps.default\">\n\t\t\t\t\t\t\t<div class=\"elementor-custom-embed\">\n\t\t\t<iframe loading=\"lazy\"\n\t\t\t\t\tsrc=\"https:\/\/maps.google.com\/maps?q=4%20rue%20du%20stade%2028480%20Chassant&#038;t=m&#038;z=16&#038;output=embed&#038;iwloc=near\"\n\t\t\t\t\ttitle=\"4 rue du stade 28480 Chassant\"\n\t\t\t\t\taria-label=\"4 rue du stade 28480 Chassant\"\n\t\t\t><\/iframe>\n\t\t<\/div>\n\t\t\t\t\t\t<\/div>\n\t\t\t\t\t<\/div>\n\t\t\t\t<\/div>\n\t\t\t\t<\/div>\n\t\t","protected":false},"excerpt":{"rendered":"<p>Nom: JLS METALAdresse: 4 Rue du stade 28480 ChassantEmail: jlsmetal28@gmail.comT\u00e9l\u00e9phone standard: 02 37 53 98 81Portable: 06 89 13 17 01 Ouverture de 8h \u00e0 17h du lundi au vendredi<\/p>\n","protected":false},"author":1,"featured_media":0,"parent":0,"menu_order":0,"comment_status":"closed","ping_status":"closed","template":"","meta":{"footnotes":""},"class_list":["post-354","page","type-page","status-publish","hentry"],"_links":{"self":[{"href":"https:\/\/jls-metal.fr\/index.php\/wp-json\/wp\/v2\/pages\/354","targetHints":{"allow":["GET"]}}],"collection":[{"href":"https:\/\/jls-metal.fr\/index.php\/wp-json\/wp\/v2\/pages"}],"about":[{"href":"https:\/\/jls-metal.fr\/index.php\/wp-json\/wp\/v2\/types\/page"}],"author":[{"embeddable":true,"href":"https:\/\/jls-metal.fr\/index.php\/wp-json\/wp\/v2\/users\/1"}],"replies":[{"embeddable":true,"href":"https:\/\/jls-metal.fr\/index.php\/wp-json\/wp\/v2\/comments?post=354"}],"version-history":[{"count":4,"href":"https:\/\/jls-metal.fr\/index.php\/wp-json\/wp\/v2\/pages\/354\/revisions"}],"predecessor-version":[{"id":363,"href":"https:\/\/jls-metal.fr\/index.php\/wp-json\/wp\/v2\/pages\/354\/revisions\/363"}],"wp:attachment":[{"href":"https:\/\/jls-metal.fr\/index.php\/wp-json\/wp\/v2\/media?parent=354"}],"curies":[{"name":"wp","href":"https:\/\/api.w.org\/{rel}","templated":true}]}}